{"id":7,"date":"2022-06-24T12:00:39","date_gmt":"2022-06-24T10:00:39","guid":{"rendered":"http:\/\/docteurpills.com\/?page_id=7"},"modified":"2022-06-24T16:44:55","modified_gmt":"2022-06-24T14:44:55","slug":"creez-votre-site-avec-des-blocs","status":"publish","type":"page","link":"https:\/\/docteurpills.com\/","title":{"rendered":"Bienvenue dans le labo de Docteur Pills"},"content":{"rendered":"\n<h1 class=\"alignwide has-text-align-wide has-large-font-size wp-block-heading\" style=\"line-height:1.1\">Bienvenue dans le labo de Docteur Pills \/ Welcome to the lab of Doctor Pills<\/h1>\n\n\n\n<div class=\"wp-block-cover alignwide is-light is-style-twentytwentyone-border\"><span aria-hidden=\"true\" class=\"wp-block-cover__background has-background-dim-100 has-background-dim\" style=\"background-color:#889430\"><\/span><div class=\"wp-block-cover__inner-container is-layout-flow wp-block-cover-is-layout-flow\">\n<h2 class=\"has-normal-font-size wp-block-heading\">Docteur Pills m\u00e8ne en secret depuis des ann\u00e9es des recherches sur la cr\u00e9ation de pilules aux pouvoirs tr\u00e8s sp\u00e9ciaux dans sa cave \u00e0 Paris. Il les teste sur lui-m\u00eame mais un jour cela va le transformer en semi homme, semi reptile, avec une intelligence tr\u00e8s d\u00e9velopp\u00e9e.<\/h2>\n\n\n\n<h2 class=\"has-normal-font-size wp-block-heading\">Il dispara\u00eet alors dans les \u00e9gouts de Paris&#8230;<\/h2>\n\n\n\n<h2 class=\"has-normal-font-size wp-block-heading\">Mais un jour il refait surface avec des pilulles d&rsquo;un nouveau genre, des pilules exceptionnelles permettant de transmettre \u00e0 quiconque les poss\u00e8dent de v\u00e9ritables pouvoirs, permettant \u00e0 chacun de poss\u00e9der des dons que la nature a donn\u00e9 \u00e0 d&rsquo;autres.<\/h2>\n\n\n\n<h2 class=\"has-normal-font-size wp-block-heading\">Retrouvez tr\u00e8s prochainement les pillules du Docteur Pills ici : <\/h2>\n\n\n\n<p><\/p>\n\n\n\n<div style=\"height:20px\" aria-hidden=\"true\" class=\"wp-block-spacer\"><\/div>\n\n\n\n<h2 class=\"has-normal-font-size wp-block-heading\">Docteur Pills has been secretly researching the creation of pills with very special powers in his Parisian cellar for years. He tests them on himself but one day they will transform him into a half-man, half-reptile, with a highly developed intelligence.<\/h2>\n\n\n\n<h2 class=\"has-normal-font-size wp-block-heading\">He then disappears in the sewers of Paris\u2026<\/h2>\n\n\n\n<h2 class=\"has-normal-font-size wp-block-heading\">But one day he reappears with a new kind of pills, exceptional pills allowing to transmit to whoever possesses them real powers, allowing everyone to possess gifts that nature has given to others.<\/h2>\n\n\n\n<h2 class=\"has-normal-font-size wp-block-heading\">Find very soon the pills of Doctor Pills here :<\/h2>\n<\/div><\/div>\n\n\n\n<p><\/p>\n\n\n\n<div style=\"height:100px\" aria-hidden=\"true\" class=\"wp-block-spacer\"><\/div>\n\n\n\n<div class=\"wp-block-columns alignwide are-vertically-aligned-center is-style-twentytwentyone-columns-overlap is-layout-flex wp-container-core-columns-is-layout-9d6595d7 wp-block-columns-is-layout-flex\">\n<div class=\"wp-block-column is-vertically-aligned-center is-layout-flow wp-block-column-is-layout-flow\">\n<div style=\"height:100px\" aria-hidden=\"true\" class=\"wp-block-spacer\"><\/div>\n<\/div>\n\n\n\n<div class=\"wp-block-column is-vertically-aligned-center is-layout-flow wp-block-column-is-layout-flow\">\n<div style=\"height:100px\" aria-hidden=\"true\" class=\"wp-block-spacer\"><\/div>\n<\/div>\n<\/div>\n\n\n\n<div style=\"height:50px\" aria-hidden=\"true\" class=\"wp-block-spacer\"><\/div>\n\n\n\n<div class=\"wp-block-group alignwide\"><div class=\"wp-block-group__inner-container is-layout-flow wp-block-group-is-layout-flow\">\n<div class=\"wp-block-columns alignwide are-vertically-aligned-top is-layout-flex wp-container-core-columns-is-layout-9d6595d7 wp-block-columns-is-layout-flex\">\n<div class=\"wp-block-column is-layout-flow wp-block-column-is-layout-flow\"><\/div>\n<\/div>\n<\/div><\/div>\n\n\n\n<div style=\"height:100px\" aria-hidden=\"true\" class=\"wp-block-spacer\"><\/div>\n","protected":false},"excerpt":{"rendered":"<p>Bienvenue dans le labo de Docteur Pills \/ Welcome to the lab of Doctor Pills<\/p>\n","protected":false},"author":1,"featured_media":0,"parent":0,"menu_order":0,"comment_status":"closed","ping_status":"closed","template":"","meta":{"footnotes":""},"class_list":["post-7","page","type-page","status-publish","hentry","entry"],"_links":{"self":[{"href":"https:\/\/docteurpills.com\/index.php\/wp-json\/wp\/v2\/pages\/7","targetHints":{"allow":["GET"]}}],"collection":[{"href":"https:\/\/docteurpills.com\/index.php\/wp-json\/wp\/v2\/pages"}],"about":[{"href":"https:\/\/docteurpills.com\/index.php\/wp-json\/wp\/v2\/types\/page"}],"author":[{"embeddable":true,"href":"https:\/\/docteurpills.com\/index.php\/wp-json\/wp\/v2\/users\/1"}],"replies":[{"embeddable":true,"href":"https:\/\/docteurpills.com\/index.php\/wp-json\/wp\/v2\/comments?post=7"}],"version-history":[{"count":5,"href":"https:\/\/docteurpills.com\/index.php\/wp-json\/wp\/v2\/pages\/7\/revisions"}],"predecessor-version":[{"id":40,"href":"https:\/\/docteurpills.com\/index.php\/wp-json\/wp\/v2\/pages\/7\/revisions\/40"}],"wp:attachment":[{"href":"https:\/\/docteurpills.com\/index.php\/wp-json\/wp\/v2\/media?parent=7"}],"curies":[{"name":"wp","href":"https:\/\/api.w.org\/{rel}","templated":true}]}}